{"id":5,"date":"2009-09-16T15:58:32","date_gmt":"2009-09-16T14:58:32","guid":{"rendered":"http:\/\/ironmanu.de\/?page_id=5"},"modified":"2018-09-22T10:08:05","modified_gmt":"2018-09-22T09:08:05","slug":"uber-mich","status":"publish","type":"page","link":"http:\/\/ironmanu.de\/?page_id=5","title":{"rendered":"|\u00dcber mich"},"content":{"rendered":"<p><span style=\"color: #00ffff;\">Manuela Reinhardt \u2013 Die Triathletin aus Leidenschaft<\/span><img loading=\"lazy\" decoding=\"async\" class=\"alignright size-full wp-image-22\" style=\"margin: 8px;\" title=\"Ironmanu\" src=\"http:\/\/ironmanu.de\/wp-content\/uploads\/2012\/07\/Manu_Homepage.jpg\" alt=\"manu\" width=\"226\" height=\"210\"><\/p>\n<p>PERS\u00d6NLICHE ANGABEN:<br \/>\nam 15.12.1962 in Duisburg geboren, wohnhaft in D\u00fcsseldorf, verheiratet<\/p>\n<p>BERUFLICHE T\u00c4TIGKEIT:<br \/>\nSystemprogrammierer bei einem grossen IT-Unternehmen<\/p>\n<p>SPORTLICHE AUSBILDUNG:<br \/>\nAusbildung zum Ironman Certified Coach, Total Immersion Coach, Blackroll Trainer und Spinning Instructor<\/p>\n<p>TRAININGSAUFKOMMEN:<br \/>\n10 bis 15 Stunden in der Woche<\/p>\n<p>Manu\u00b4s Mappe zum Download:&nbsp;<a href=\"http:\/\/ironmanu.de.dd20732.kasserver.com\/mappe\/Manus_Mappe.pdf\" target=\"_blank\" rel=\"noopener noreferrer\">&gt;&gt;12 Seiten PDF (1,2 MB)<\/a><\/p>\n","protected":false},"excerpt":{"rendered":"<p>Manuela Reinhardt \u2013 Die Triathletin aus Leidenschaft PERS\u00d6NLICHE ANGABEN: am 15.12.1962 in Duisburg geboren, wohnhaft in D\u00fcsseldorf, verheiratet BERUFLICHE T\u00c4TIGKEIT: Systemprogrammierer bei einem grossen IT-Unternehmen SPORTLICHE AUSBILDUNG: Ausbildung zum Ironman Certified Coach, Total Immersion Coach, Blackroll Trainer und Spinning Instructor TRAININGSAUFKOMMEN: 10 bis 15 Stunden in der Woche Manu\u00b4s Mappe zum Download:&nbsp;&gt;&gt;12 Seiten PDF (1,2 [&hellip;]<\/p>\n","protected":false},"author":1,"featured_media":0,"parent":0,"menu_order":1,"comment_status":"closed","ping_status":"closed","template":"","meta":{"ngg_post_thumbnail":0,"footnotes":""},"class_list":["post-5","page","type-page","status-publish","hentry"],"_links":{"self":[{"href":"http:\/\/ironmanu.de\/index.php?rest_route=\/wp\/v2\/pages\/5","targetHints":{"allow":["GET"]}}],"collection":[{"href":"http:\/\/ironmanu.de\/index.php?rest_route=\/wp\/v2\/pages"}],"about":[{"href":"http:\/\/ironmanu.de\/index.php?rest_route=\/wp\/v2\/types\/page"}],"author":[{"embeddable":true,"href":"http:\/\/ironmanu.de\/index.php?rest_route=\/wp\/v2\/users\/1"}],"replies":[{"embeddable":true,"href":"http:\/\/ironmanu.de\/index.php?rest_route=%2Fwp%2Fv2%2Fcomments&post=5"}],"version-history":[{"count":26,"href":"http:\/\/ironmanu.de\/index.php?rest_route=\/wp\/v2\/pages\/5\/revisions"}],"predecessor-version":[{"id":696,"href":"http:\/\/ironmanu.de\/index.php?rest_route=\/wp\/v2\/pages\/5\/revisions\/696"}],"wp:attachment":[{"href":"http:\/\/ironmanu.de\/index.php?rest_route=%2Fwp%2Fv2%2Fmedia&parent=5"}],"curies":[{"name":"wp","href":"https:\/\/api.w.org\/{rel}","templated":true}]}}